{"id":122,"date":"2016-04-02T09:11:55","date_gmt":"2016-04-02T07:11:55","guid":{"rendered":"http:\/\/ropits.net\/castellcir\/?page_id=122"},"modified":"2016-04-02T21:08:58","modified_gmt":"2016-04-02T19:08:58","slug":"serveis","status":"publish","type":"page","link":"https:\/\/ropits.net\/castellcir\/serveis\/","title":{"rendered":"Serveis"},"content":{"rendered":"<p>Encara que Castellcir \u00e9s un municipi molt petit, de tan sols 700 habitants trobarem el serveis b\u00e0sics, tots a prop de la pla\u00e7a de l&#8217;Ajuntament:<\/p>\n<ul>\n<li>Bar i queviures<\/li>\n<li>Forn de pa i carnisseria<\/li>\n<li>Font p\u00fablica (just d&#8217;avant de l&#8217;ajuntament, molt pr\u00e0ctic abans d&#8217;inciar una ruta)<\/li>\n<li>Farm\u00e0cia<\/li>\n<li>Restaurant Itali\u00e0<\/li>\n<li>Escola p\u00fablica<\/li>\n<li>Esgl\u00e9sia<\/li>\n<li>Zona esportiva<\/li>\n<li>Etc.<\/li>\n<\/ul>\n<p>Per m\u00e9s informaci\u00f3 us recomanem la p\u00e0gina <a href=\"http:\/\/www.castellcir.cat\/\" target=\"_blank\">web de l&#8217;Ajuntament de Castellcir<\/a><\/p>\n<p>Hi ha a m\u00e9s les ofertes de serveis a Castellter\u00e7ol a tan sols 3 km. Entre ells una tenda de bicis\/btts que us pot treure d&#8217;alg\u00fan ensurt, est\u00e0 a la mateixa carretera de Sant Feliu a Moi\u00e0 (C-59)<\/p>\n<p>&nbsp;<\/p>\n","protected":false},"excerpt":{"rendered":"<p>Encara que Castellcir \u00e9s un municipi molt petit, de tan sols 700 habitants trobarem el serveis b\u00e0sics, tots a prop de la pla\u00e7a de l&#8217;Ajuntament: Bar i queviures Forn de pa i carnisseria Font p\u00fablica (just d&#8217;avant de l&#8217;ajuntament, molt pr\u00e0ctic abans d&#8217;inciar una ruta) Farm\u00e0cia Restaurant Itali\u00e0 Escola p\u00fablica Esgl\u00e9sia Zona esportiva Etc. Per &hellip; <a href=\"https:\/\/ropits.net\/castellcir\/serveis\/\" class=\"more-link\">Continue reading <span class=\"screen-reader-text\">Serveis<\/span> <span class=\"meta-nav\">&rarr;<\/span><\/a><\/p>\n","protected":false},"author":1,"featured_media":0,"parent":0,"menu_order":0,"comment_status":"closed","ping_status":"closed","template":"","meta":{"jetpack_post_was_ever_published":false,"footnotes":""},"class_list":["post-122","page","type-page","status-publish","hentry"],"jetpack_sharing_enabled":true,"jetpack_shortlink":"https:\/\/wp.me\/P7pcWi-1Y","jetpack-related-posts":[],"_links":{"self":[{"href":"https:\/\/ropits.net\/castellcir\/wp-json\/wp\/v2\/pages\/122","targetHints":{"allow":["GET"]}}],"collection":[{"href":"https:\/\/ropits.net\/castellcir\/wp-json\/wp\/v2\/pages"}],"about":[{"href":"https:\/\/ropits.net\/castellcir\/wp-json\/wp\/v2\/types\/page"}],"author":[{"embeddable":true,"href":"https:\/\/ropits.net\/castellcir\/wp-json\/wp\/v2\/users\/1"}],"replies":[{"embeddable":true,"href":"https:\/\/ropits.net\/castellcir\/wp-json\/wp\/v2\/comments?post=122"}],"version-history":[{"count":4,"href":"https:\/\/ropits.net\/castellcir\/wp-json\/wp\/v2\/pages\/122\/revisions"}],"predecessor-version":[{"id":183,"href":"https:\/\/ropits.net\/castellcir\/wp-json\/wp\/v2\/pages\/122\/revisions\/183"}],"wp:attachment":[{"href":"https:\/\/ropits.net\/castellcir\/wp-json\/wp\/v2\/media?parent=122"}],"curies":[{"name":"wp","href":"https:\/\/api.w.org\/{rel}","templated":true}]}}