{"id":28,"date":"2016-03-30T23:58:10","date_gmt":"2016-03-30T21:58:10","guid":{"rendered":"http:\/\/ropits.net\/castellcir\/?page_id=28"},"modified":"2016-04-03T12:40:46","modified_gmt":"2016-04-03T10:40:46","slug":"castells-de-la-castellcir-o-de-la-popa-i-de-centelles","status":"publish","type":"page","link":"https:\/\/ropits.net\/castellcir\/","title":{"rendered":"Castellcir Connecta"},"content":{"rendered":"<p>Castellcir \u00e9s m\u00e9s que un punt al mapa, un poble petit situat a prop de Barcelona per\u00f2 prou lluny. Quan recorres els seus carrers trobes ve\u00efns amables que et saluden. Els mat\u00ed et rep amb un cel blau i net que permeten que t&#8217;il\u00b7lumini el sol, les tardes s&#8217;acomiaden amb capvespres de somni i a la nit les estrelles es deixen veure en tot el seu esplendor convidant-te al romanticisme.<\/p>\n<p>Si, Castellcir \u00e9s tot aix\u00f2 i \u00e9s molt m\u00e9s. Vols descobrir-ho ?, ho tens molt f\u00e0cil, et convidem a explorar Castellcir i el seu entorn amb el seguit de rutes que aqu\u00ed us presentem.<\/p>\n<p>Mentre et decideixes, et mostrem algunes imatges per acabar amb els teus dubtes.<\/p>\n<p class=\"jetpack-slideshow-noscript robots-nocontent\">This slideshow requires JavaScript.<\/p><div id=\"gallery-28-1-slideshow\" class=\"jetpack-slideshow-window jetpack-slideshow jetpack-slideshow-black\" data-trans=\"fade\" data-autostart=\"1\" data-gallery=\"[{&quot;src&quot;:&quot;https:\\\/\\\/i0.wp.com\\\/ropits.net\\\/castellcir\\\/wp-content\\\/uploads\\\/2016\\\/04\\\/IMG_7686.jpg?fit=640%2C480\\u0026ssl=1&quot;,&quot;id&quot;:&quot;89&quot;,&quot;title&quot;:&quot;IMG_7686&quot;,&quot;alt&quot;:&quot;&quot;,&quot;caption&quot;:&quot;Moli de Brotons (Vall de Marf\\u00e0)&quot;,&quot;itemprop&quot;:&quot;image&quot;},{&quot;src&quot;:&quot;https:\\\/\\\/i0.wp.com\\\/ropits.net\\\/castellcir\\\/wp-content\\\/uploads\\\/2016\\\/04\\\/IMG_7724.jpg?fit=640%2C480\\u0026ssl=1&quot;,&quot;id&quot;:&quot;91&quot;,&quot;title&quot;:&quot;IMG_7724&quot;,&quot;alt&quot;:&quot;&quot;,&quot;caption&quot;:&quot;Gorg Estret (Vall de Marf\\u00e0)&quot;,&quot;itemprop&quot;:&quot;image&quot;},{&quot;src&quot;:&quot;https:\\\/\\\/i0.wp.com\\\/ropits.net\\\/castellcir\\\/wp-content\\\/uploads\\\/2016\\\/04\\\/IMG_9517.jpg?fit=2048%2C1536\\u0026ssl=1&quot;,&quot;id&quot;:&quot;163&quot;,&quot;title&quot;:&quot;Pont d\\u0026#8217;Esplugues&quot;,&quot;alt&quot;:&quot;&quot;,&quot;caption&quot;:&quot;Pont Romanic d\\u0026#8217;Esplugues s XI&quot;,&quot;itemprop&quot;:&quot;image&quot;},{&quot;src&quot;:&quot;https:\\\/\\\/i0.wp.com\\\/ropits.net\\\/castellcir\\\/wp-content\\\/uploads\\\/2016\\\/04\\\/sauva3lr.jpg?fit=1260%2C945\\u0026ssl=1&quot;,&quot;id&quot;:&quot;80&quot;,&quot;title&quot;:&quot;sauva3lr&quot;,&quot;alt&quot;:&quot;&quot;,&quot;caption&quot;:&quot;Sauva Negra de Castellcir&quot;,&quot;itemprop&quot;:&quot;image&quot;},{&quot;src&quot;:&quot;https:\\\/\\\/i0.wp.com\\\/ropits.net\\\/castellcir\\\/wp-content\\\/uploads\\\/2016\\\/04\\\/sauva2lr.jpg?fit=1260%2C945\\u0026ssl=1&quot;,&quot;id&quot;:&quot;79&quot;,&quot;title&quot;:&quot;sauva2lr&quot;,&quot;alt&quot;:&quot;&quot;,&quot;caption&quot;:&quot;Sauva Negra de Castellcir&quot;,&quot;itemprop&quot;:&quot;image&quot;},{&quot;src&quot;:&quot;https:\\\/\\\/i0.wp.com\\\/ropits.net\\\/castellcir\\\/wp-content\\\/uploads\\\/2016\\\/04\\\/sauva.jpg?fit=1260%2C305\\u0026ssl=1&quot;,&quot;id&quot;:&quot;41&quot;,&quot;title&quot;:&quot;sauva&quot;,&quot;alt&quot;:&quot;&quot;,&quot;caption&quot;:&quot;Sauva Negra de Castellcir&quot;,&quot;itemprop&quot;:&quot;image&quot;},{&quot;src&quot;:&quot;https:\\\/\\\/i0.wp.com\\\/ropits.net\\\/castellcir\\\/wp-content\\\/uploads\\\/2016\\\/04\\\/centelleslr.jpg?fit=1260%2C945\\u0026ssl=1&quot;,&quot;id&quot;:&quot;74&quot;,&quot;title&quot;:&quot;centelleslr&quot;,&quot;alt&quot;:&quot;&quot;,&quot;caption&quot;:&quot;Castell de Centelles&quot;,&quot;itemprop&quot;:&quot;image&quot;},{&quot;src&quot;:&quot;https:\\\/\\\/i0.wp.com\\\/ropits.net\\\/castellcir\\\/wp-content\\\/uploads\\\/2016\\\/04\\\/esplugalr.jpg?fit=1260%2C945\\u0026ssl=1&quot;,&quot;id&quot;:&quot;75&quot;,&quot;title&quot;:&quot;esplugalr&quot;,&quot;alt&quot;:&quot;&quot;,&quot;caption&quot;:&quot;Esplugues&quot;,&quot;itemprop&quot;:&quot;image&quot;},{&quot;src&quot;:&quot;https:\\\/\\\/i0.wp.com\\\/ropits.net\\\/castellcir\\\/wp-content\\\/uploads\\\/2016\\\/04\\\/popa2.jpg?fit=1260%2C614\\u0026ssl=1&quot;,&quot;id&quot;:&quot;77&quot;,&quot;title&quot;:&quot;popa2&quot;,&quot;alt&quot;:&quot;&quot;,&quot;caption&quot;:&quot;Castell de Castellcir o de la Popa&quot;,&quot;itemprop&quot;:&quot;image&quot;},{&quot;src&quot;:&quot;https:\\\/\\\/i0.wp.com\\\/ropits.net\\\/castellcir\\\/wp-content\\\/uploads\\\/2016\\\/04\\\/popa3lr.jpg?fit=1260%2C954\\u0026ssl=1&quot;,&quot;id&quot;:&quot;78&quot;,&quot;title&quot;:&quot;popa3lr&quot;,&quot;alt&quot;:&quot;&quot;,&quot;caption&quot;:&quot;Castell de Castellcir o de la Popa&quot;,&quot;itemprop&quot;:&quot;image&quot;}]\" itemscope itemtype=\"https:\/\/schema.org\/ImageGallery\"><\/div>\n<p>&nbsp;<\/p>\n<p>&nbsp;<\/p>\n","protected":false},"excerpt":{"rendered":"<p>Castellcir \u00e9s m\u00e9s que un punt al mapa, un poble petit situat a prop de Barcelona per\u00f2 prou lluny. Quan recorres els seus carrers trobes ve\u00efns amables que et saluden. Els mat\u00ed et rep amb un cel blau i net que permeten que t&#8217;il\u00b7lumini el sol, les tardes s&#8217;acomiaden amb capvespres de somni i a &hellip; <a href=\"https:\/\/ropits.net\/castellcir\/\" class=\"more-link\">Continue reading <span class=\"screen-reader-text\">Castellcir Connecta<\/span> <span class=\"meta-nav\">&rarr;<\/span><\/a><\/p>\n","protected":false},"author":1,"featured_media":0,"parent":0,"menu_order":0,"comment_status":"closed","ping_status":"closed","template":"","meta":{"jetpack_post_was_ever_published":false,"footnotes":""},"class_list":["post-28","page","type-page","status-publish","hentry"],"jetpack_sharing_enabled":true,"jetpack_shortlink":"https:\/\/wp.me\/P7pcWi-s","jetpack-related-posts":[],"_links":{"self":[{"href":"https:\/\/ropits.net\/castellcir\/wp-json\/wp\/v2\/pages\/28","targetHints":{"allow":["GET"]}}],"collection":[{"href":"https:\/\/ropits.net\/castellcir\/wp-json\/wp\/v2\/pages"}],"about":[{"href":"https:\/\/ropits.net\/castellcir\/wp-json\/wp\/v2\/types\/page"}],"author":[{"embeddable":true,"href":"https:\/\/ropits.net\/castellcir\/wp-json\/wp\/v2\/users\/1"}],"replies":[{"embeddable":true,"href":"https:\/\/ropits.net\/castellcir\/wp-json\/wp\/v2\/comments?post=28"}],"version-history":[{"count":8,"href":"https:\/\/ropits.net\/castellcir\/wp-json\/wp\/v2\/pages\/28\/revisions"}],"predecessor-version":[{"id":192,"href":"https:\/\/ropits.net\/castellcir\/wp-json\/wp\/v2\/pages\/28\/revisions\/192"}],"wp:attachment":[{"href":"https:\/\/ropits.net\/castellcir\/wp-json\/wp\/v2\/media?parent=28"}],"curies":[{"name":"wp","href":"https:\/\/api.w.org\/{rel}","templated":true}]}}