{"id":7,"date":"2016-03-27T15:18:34","date_gmt":"2016-03-27T15:18:34","guid":{"rendered":"http:\/\/ropits.net\/castellcir\/?page_id=7"},"modified":"2016-04-03T12:19:41","modified_gmt":"2016-04-03T10:19:41","slug":"vall-de-marfa","status":"publish","type":"page","link":"https:\/\/ropits.net\/castellcir\/vall-de-marfa\/","title":{"rendered":"Vall de Marf\u00e0"},"content":{"rendered":"<p>Dist\u00e2ncia: <strong>10.3 km<\/strong><br \/>\nDesnivell positiu acumulat: <strong>230 m<\/strong><br \/>\nDificultat a peu:<strong> F\u00e0cil<\/strong><br \/>\nDificultat btt:<strong> f\u00e0cil, 99% ciclable<\/strong><\/p>\n<p><img data-recalc-dims=\"1\" loading=\"lazy\" decoding=\"async\" data-attachment-id=\"89\" data-permalink=\"https:\/\/ropits.net\/castellcir\/vall-de-marfa\/img_7686\/\" data-orig-file=\"https:\/\/i0.wp.com\/ropits.net\/castellcir\/wp-content\/uploads\/2016\/04\/IMG_7686.jpg?fit=640%2C480&amp;ssl=1\" data-orig-size=\"640,480\" data-comments-opened=\"1\" data-image-meta=\"{&quot;aperture&quot;:&quot;2.4&quot;,&quot;credit&quot;:&quot;&quot;,&quot;camera&quot;:&quot;iPhone 5&quot;,&quot;caption&quot;:&quot;&quot;,&quot;created_timestamp&quot;:&quot;1458995577&quot;,&quot;copyright&quot;:&quot;&quot;,&quot;focal_length&quot;:&quot;4.12&quot;,&quot;iso&quot;:&quot;50&quot;,&quot;shutter_speed&quot;:&quot;0.000978473581213&quot;,&quot;title&quot;:&quot;&quot;,&quot;orientation&quot;:&quot;1&quot;}\" data-image-title=\"IMG_7686\" data-image-description=\"\" data-image-caption=\"&lt;p&gt;Moli de Brotons (Vall de Marf\u00e0)&lt;\/p&gt;\n\" data-medium-file=\"https:\/\/i0.wp.com\/ropits.net\/castellcir\/wp-content\/uploads\/2016\/04\/IMG_7686.jpg?fit=300%2C225&amp;ssl=1\" data-large-file=\"https:\/\/i0.wp.com\/ropits.net\/castellcir\/wp-content\/uploads\/2016\/04\/IMG_7686.jpg?fit=474%2C356&amp;ssl=1\" class=\"alignnone size-medium wp-image-89\" src=\"https:\/\/i0.wp.com\/ropits.net\/castellcir\/wp-content\/uploads\/2016\/04\/IMG_7686.jpg?resize=300%2C225\" alt=\"IMG_7686\" width=\"300\" height=\"225\" srcset=\"https:\/\/i0.wp.com\/ropits.net\/castellcir\/wp-content\/uploads\/2016\/04\/IMG_7686.jpg?resize=300%2C225&amp;ssl=1 300w, https:\/\/i0.wp.com\/ropits.net\/castellcir\/wp-content\/uploads\/2016\/04\/IMG_7686.jpg?w=640&amp;ssl=1 640w\" sizes=\"auto, (max-width: 300px) 100vw, 300px\" \/><\/p>\n<p><em>Moli de Brotons<\/em><\/p>\n<p><img data-recalc-dims=\"1\" loading=\"lazy\" decoding=\"async\" data-attachment-id=\"94\" data-permalink=\"https:\/\/ropits.net\/castellcir\/vall-de-marfa\/20160326_124130\/\" data-orig-file=\"https:\/\/i0.wp.com\/ropits.net\/castellcir\/wp-content\/uploads\/2016\/04\/20160326_124130.jpg?fit=2048%2C1232&amp;ssl=1\" data-orig-size=\"2048,1232\" data-comments-opened=\"1\" data-image-meta=\"{&quot;aperture&quot;:&quot;2.6&quot;,&quot;credit&quot;:&quot;&quot;,&quot;camera&quot;:&quot;GT-I8190&quot;,&quot;caption&quot;:&quot;&quot;,&quot;created_timestamp&quot;:&quot;1458996089&quot;,&quot;copyright&quot;:&quot;&quot;,&quot;focal_length&quot;:&quot;3.54&quot;,&quot;iso&quot;:&quot;50&quot;,&quot;shutter_speed&quot;:&quot;0.000801&quot;,&quot;title&quot;:&quot;&quot;,&quot;orientation&quot;:&quot;1&quot;}\" data-image-title=\"20160326_124130\" data-image-description=\"\" data-image-caption=\"\" data-medium-file=\"https:\/\/i0.wp.com\/ropits.net\/castellcir\/wp-content\/uploads\/2016\/04\/20160326_124130.jpg?fit=300%2C180&amp;ssl=1\" data-large-file=\"https:\/\/i0.wp.com\/ropits.net\/castellcir\/wp-content\/uploads\/2016\/04\/20160326_124130.jpg?fit=474%2C285&amp;ssl=1\" class=\"alignnone size-medium wp-image-94\" src=\"https:\/\/i0.wp.com\/ropits.net\/castellcir\/wp-content\/uploads\/2016\/04\/20160326_124130.jpg?resize=300%2C180\" alt=\"20160326_124130\" width=\"300\" height=\"180\" srcset=\"https:\/\/i0.wp.com\/ropits.net\/castellcir\/wp-content\/uploads\/2016\/04\/20160326_124130.jpg?resize=300%2C180&amp;ssl=1 300w, https:\/\/i0.wp.com\/ropits.net\/castellcir\/wp-content\/uploads\/2016\/04\/20160326_124130.jpg?resize=768%2C462&amp;ssl=1 768w, https:\/\/i0.wp.com\/ropits.net\/castellcir\/wp-content\/uploads\/2016\/04\/20160326_124130.jpg?resize=1024%2C616&amp;ssl=1 1024w, https:\/\/i0.wp.com\/ropits.net\/castellcir\/wp-content\/uploads\/2016\/04\/20160326_124130.jpg?w=2048&amp;ssl=1 2048w, https:\/\/i0.wp.com\/ropits.net\/castellcir\/wp-content\/uploads\/2016\/04\/20160326_124130.jpg?w=948 948w, https:\/\/i0.wp.com\/ropits.net\/castellcir\/wp-content\/uploads\/2016\/04\/20160326_124130.jpg?w=1422 1422w\" sizes=\"auto, (max-width: 300px) 100vw, 300px\" \/><\/p>\n<p><em>Ermita de la Tosca<\/em><\/p>\n<p><img data-recalc-dims=\"1\" loading=\"lazy\" decoding=\"async\" data-attachment-id=\"91\" data-permalink=\"https:\/\/ropits.net\/castellcir\/vall-de-marfa\/img_7724\/\" data-orig-file=\"https:\/\/i0.wp.com\/ropits.net\/castellcir\/wp-content\/uploads\/2016\/04\/IMG_7724.jpg?fit=640%2C480&amp;ssl=1\" data-orig-size=\"640,480\" data-comments-opened=\"1\" data-image-meta=\"{&quot;aperture&quot;:&quot;2.4&quot;,&quot;credit&quot;:&quot;&quot;,&quot;camera&quot;:&quot;iPhone 5&quot;,&quot;caption&quot;:&quot;&quot;,&quot;created_timestamp&quot;:&quot;1458998008&quot;,&quot;copyright&quot;:&quot;&quot;,&quot;focal_length&quot;:&quot;4.12&quot;,&quot;iso&quot;:&quot;50&quot;,&quot;shutter_speed&quot;:&quot;0.00175438596491&quot;,&quot;title&quot;:&quot;&quot;,&quot;orientation&quot;:&quot;3&quot;}\" data-image-title=\"IMG_7724\" data-image-description=\"\" data-image-caption=\"&lt;p&gt;Gorg Estret (Vall de Marf\u00e0)&lt;\/p&gt;\n\" data-medium-file=\"https:\/\/i0.wp.com\/ropits.net\/castellcir\/wp-content\/uploads\/2016\/04\/IMG_7724.jpg?fit=300%2C225&amp;ssl=1\" data-large-file=\"https:\/\/i0.wp.com\/ropits.net\/castellcir\/wp-content\/uploads\/2016\/04\/IMG_7724.jpg?fit=474%2C356&amp;ssl=1\" class=\"alignnone size-medium wp-image-91\" src=\"https:\/\/i0.wp.com\/ropits.net\/castellcir\/wp-content\/uploads\/2016\/04\/IMG_7724.jpg?resize=300%2C225\" alt=\"IMG_7724\" width=\"300\" height=\"225\" srcset=\"https:\/\/i0.wp.com\/ropits.net\/castellcir\/wp-content\/uploads\/2016\/04\/IMG_7724.jpg?resize=300%2C225&amp;ssl=1 300w, https:\/\/i0.wp.com\/ropits.net\/castellcir\/wp-content\/uploads\/2016\/04\/IMG_7724.jpg?w=640&amp;ssl=1 640w\" sizes=\"auto, (max-width: 300px) 100vw, 300px\" \/><\/p>\n<p><em>Gorg Estret<\/em><\/p>\n<p>&nbsp;<\/p>\n<div class=\"tiled-gallery type-rectangular tiled-gallery-unresized\" data-original-width=\"474\" data-carousel-extra='{&quot;blog_id&quot;:1,&quot;permalink&quot;:&quot;https:\\\/\\\/ropits.net\\\/castellcir\\\/vall-de-marfa\\\/&quot;,&quot;likes_blog_id&quot;:109442294}' itemscope itemtype=\"http:\/\/schema.org\/ImageGallery\" > <div class=\"gallery-row\" style=\"width: 474px; height: 80px;\" data-original-width=\"474\" data-original-height=\"80\" > <div class=\"gallery-group images-1\" style=\"width: 131px; height: 80px;\" data-original-width=\"131\" data-original-height=\"80\" > <div class=\"tiled-gallery-item tiled-gallery-item-small\" itemprop=\"associatedMedia\" itemscope itemtype=\"http:\/\/schema.org\/ImageObject\"> <a href=\"https:\/\/ropits.net\/castellcir\/vall-de-marfa\/20160326_124130\/\" border=\"0\" itemprop=\"url\"> <meta itemprop=\"width\" content=\"127\"> <meta itemprop=\"height\" content=\"76\"> <img decoding=\"async\" class=\"\" data-attachment-id=\"94\" data-orig-file=\"https:\/\/ropits.net\/castellcir\/wp-content\/uploads\/2016\/04\/20160326_124130.jpg\" data-orig-size=\"2048,1232\" data-comments-opened=\"1\" data-image-meta=\"{&quot;aperture&quot;:&quot;2.6&quot;,&quot;credit&quot;:&quot;&quot;,&quot;camera&quot;:&quot;GT-I8190&quot;,&quot;caption&quot;:&quot;&quot;,&quot;created_timestamp&quot;:&quot;1458996089&quot;,&quot;copyright&quot;:&quot;&quot;,&quot;focal_length&quot;:&quot;3.54&quot;,&quot;iso&quot;:&quot;50&quot;,&quot;shutter_speed&quot;:&quot;0.000801&quot;,&quot;title&quot;:&quot;&quot;,&quot;orientation&quot;:&quot;1&quot;}\" data-image-title=\"20160326_124130\" data-image-description=\"\" data-medium-file=\"https:\/\/i0.wp.com\/ropits.net\/castellcir\/wp-content\/uploads\/2016\/04\/20160326_124130.jpg?fit=300%2C180&#038;ssl=1\" data-large-file=\"https:\/\/i0.wp.com\/ropits.net\/castellcir\/wp-content\/uploads\/2016\/04\/20160326_124130.jpg?fit=474%2C285&#038;ssl=1\" src=\"https:\/\/i0.wp.com\/ropits.net\/castellcir\/wp-content\/uploads\/2016\/04\/20160326_124130.jpg?w=127&#038;h=76&#038;ssl=1\" srcset=\"https:\/\/i0.wp.com\/ropits.net\/castellcir\/wp-content\/uploads\/2016\/04\/20160326_124130.jpg?w=2048&amp;ssl=1 2048w, https:\/\/i0.wp.com\/ropits.net\/castellcir\/wp-content\/uploads\/2016\/04\/20160326_124130.jpg?resize=300%2C180&amp;ssl=1 300w, https:\/\/i0.wp.com\/ropits.net\/castellcir\/wp-content\/uploads\/2016\/04\/20160326_124130.jpg?resize=768%2C462&amp;ssl=1 768w, https:\/\/i0.wp.com\/ropits.net\/castellcir\/wp-content\/uploads\/2016\/04\/20160326_124130.jpg?resize=1024%2C616&amp;ssl=1 1024w, https:\/\/i0.wp.com\/ropits.net\/castellcir\/wp-content\/uploads\/2016\/04\/20160326_124130.jpg?w=948 948w, https:\/\/i0.wp.com\/ropits.net\/castellcir\/wp-content\/uploads\/2016\/04\/20160326_124130.jpg?w=1422 1422w\" width=\"127\" height=\"76\" loading=\"lazy\" data-original-width=\"127\" data-original-height=\"76\" itemprop=\"http:\/\/schema.org\/image\" title=\"20160326_124130\" alt=\"20160326_124130\" style=\"width: 127px; height: 76px;\" \/> <\/a> <\/div> <\/div> <!-- close group --> <div class=\"gallery-group images-1\" style=\"width: 106px; height: 80px;\" data-original-width=\"106\" data-original-height=\"80\" > <div class=\"tiled-gallery-item tiled-gallery-item-small\" itemprop=\"associatedMedia\" itemscope itemtype=\"http:\/\/schema.org\/ImageObject\"> <a href=\"https:\/\/ropits.net\/castellcir\/vall-de-marfa\/img_7724\/\" border=\"0\" itemprop=\"url\"> <meta itemprop=\"width\" content=\"102\"> <meta itemprop=\"height\" content=\"76\"> <img decoding=\"async\" class=\"\" data-attachment-id=\"91\" data-orig-file=\"https:\/\/ropits.net\/castellcir\/wp-content\/uploads\/2016\/04\/IMG_7724.jpg\" data-orig-size=\"640,480\" data-comments-opened=\"1\" data-image-meta=\"{&quot;aperture&quot;:&quot;2.4&quot;,&quot;credit&quot;:&quot;&quot;,&quot;camera&quot;:&quot;iPhone 5&quot;,&quot;caption&quot;:&quot;&quot;,&quot;created_timestamp&quot;:&quot;1458998008&quot;,&quot;copyright&quot;:&quot;&quot;,&quot;focal_length&quot;:&quot;4.12&quot;,&quot;iso&quot;:&quot;50&quot;,&quot;shutter_speed&quot;:&quot;0.00175438596491&quot;,&quot;title&quot;:&quot;&quot;,&quot;orientation&quot;:&quot;3&quot;}\" data-image-title=\"IMG_7724\" data-image-description=\"\" data-medium-file=\"https:\/\/i0.wp.com\/ropits.net\/castellcir\/wp-content\/uploads\/2016\/04\/IMG_7724.jpg?fit=300%2C225&#038;ssl=1\" data-large-file=\"https:\/\/i0.wp.com\/ropits.net\/castellcir\/wp-content\/uploads\/2016\/04\/IMG_7724.jpg?fit=474%2C356&#038;ssl=1\" src=\"https:\/\/i0.wp.com\/ropits.net\/castellcir\/wp-content\/uploads\/2016\/04\/IMG_7724.jpg?w=102&#038;h=76&#038;ssl=1\" srcset=\"https:\/\/i0.wp.com\/ropits.net\/castellcir\/wp-content\/uploads\/2016\/04\/IMG_7724.jpg?w=640&amp;ssl=1 640w, https:\/\/i0.wp.com\/ropits.net\/castellcir\/wp-content\/uploads\/2016\/04\/IMG_7724.jpg?resize=300%2C225&amp;ssl=1 300w\" width=\"102\" height=\"76\" loading=\"lazy\" data-original-width=\"102\" data-original-height=\"76\" itemprop=\"http:\/\/schema.org\/image\" title=\"IMG_7724\" alt=\"Gorg Estret (Vall de Marf\u00e0)\" style=\"width: 102px; height: 76px;\" \/> <\/a> <div class=\"tiled-gallery-caption\" itemprop=\"caption description\"> Gorg Estret (Vall de Marf\u00e0) <\/div> <\/div> <\/div> <!-- close group --> <div class=\"gallery-group images-1\" style=\"width: 106px; height: 80px;\" data-original-width=\"106\" data-original-height=\"80\" > <div class=\"tiled-gallery-item tiled-gallery-item-small\" itemprop=\"associatedMedia\" itemscope itemtype=\"http:\/\/schema.org\/ImageObject\"> <a href=\"https:\/\/ropits.net\/castellcir\/vall-de-marfa\/img_7686\/\" border=\"0\" itemprop=\"url\"> <meta itemprop=\"width\" content=\"102\"> <meta itemprop=\"height\" content=\"76\"> <img decoding=\"async\" class=\"\" data-attachment-id=\"89\" data-orig-file=\"https:\/\/ropits.net\/castellcir\/wp-content\/uploads\/2016\/04\/IMG_7686.jpg\" data-orig-size=\"640,480\" data-comments-opened=\"1\" data-image-meta=\"{&quot;aperture&quot;:&quot;2.4&quot;,&quot;credit&quot;:&quot;&quot;,&quot;camera&quot;:&quot;iPhone 5&quot;,&quot;caption&quot;:&quot;&quot;,&quot;created_timestamp&quot;:&quot;1458995577&quot;,&quot;copyright&quot;:&quot;&quot;,&quot;focal_length&quot;:&quot;4.12&quot;,&quot;iso&quot;:&quot;50&quot;,&quot;shutter_speed&quot;:&quot;0.000978473581213&quot;,&quot;title&quot;:&quot;&quot;,&quot;orientation&quot;:&quot;1&quot;}\" data-image-title=\"IMG_7686\" data-image-description=\"\" data-medium-file=\"https:\/\/i0.wp.com\/ropits.net\/castellcir\/wp-content\/uploads\/2016\/04\/IMG_7686.jpg?fit=300%2C225&#038;ssl=1\" data-large-file=\"https:\/\/i0.wp.com\/ropits.net\/castellcir\/wp-content\/uploads\/2016\/04\/IMG_7686.jpg?fit=474%2C356&#038;ssl=1\" src=\"https:\/\/i0.wp.com\/ropits.net\/castellcir\/wp-content\/uploads\/2016\/04\/IMG_7686.jpg?w=102&#038;h=76&#038;ssl=1\" srcset=\"https:\/\/i0.wp.com\/ropits.net\/castellcir\/wp-content\/uploads\/2016\/04\/IMG_7686.jpg?w=640&amp;ssl=1 640w, https:\/\/i0.wp.com\/ropits.net\/castellcir\/wp-content\/uploads\/2016\/04\/IMG_7686.jpg?resize=300%2C225&amp;ssl=1 300w\" width=\"102\" height=\"76\" loading=\"lazy\" data-original-width=\"102\" data-original-height=\"76\" itemprop=\"http:\/\/schema.org\/image\" title=\"IMG_7686\" alt=\"Moli de Brotons (Vall de Marf\u00e0)\" style=\"width: 102px; height: 76px;\" \/> <\/a> <div class=\"tiled-gallery-caption\" itemprop=\"caption description\"> Moli de Brotons (Vall de Marf\u00e0) <\/div> <\/div> <\/div> <!-- close group --> <div class=\"gallery-group images-1\" style=\"width: 131px; height: 80px;\" data-original-width=\"131\" data-original-height=\"80\" > <div class=\"tiled-gallery-item tiled-gallery-item-small\" itemprop=\"associatedMedia\" itemscope itemtype=\"http:\/\/schema.org\/ImageObject\"> <a href=\"https:\/\/ropits.net\/castellcir\/20160326_111346\/\" border=\"0\" itemprop=\"url\"> <meta itemprop=\"width\" content=\"127\"> <meta itemprop=\"height\" content=\"76\"> <img decoding=\"async\" class=\"\" data-attachment-id=\"92\" data-orig-file=\"https:\/\/ropits.net\/castellcir\/wp-content\/uploads\/2016\/04\/20160326_111346.jpg\" data-orig-size=\"2048,1232\" data-comments-opened=\"1\" data-image-meta=\"{&quot;aperture&quot;:&quot;2.6&quot;,&quot;credit&quot;:&quot;&quot;,&quot;camera&quot;:&quot;GT-I8190&quot;,&quot;caption&quot;:&quot;&quot;,&quot;created_timestamp&quot;:&quot;1458990825&quot;,&quot;copyright&quot;:&quot;&quot;,&quot;focal_length&quot;:&quot;3.54&quot;,&quot;iso&quot;:&quot;50&quot;,&quot;shutter_speed&quot;:&quot;0.001406&quot;,&quot;title&quot;:&quot;&quot;,&quot;orientation&quot;:&quot;1&quot;}\" data-image-title=\"20160326_111346\" data-image-description=\"\" data-medium-file=\"https:\/\/i0.wp.com\/ropits.net\/castellcir\/wp-content\/uploads\/2016\/04\/20160326_111346.jpg?fit=300%2C180&#038;ssl=1\" data-large-file=\"https:\/\/i0.wp.com\/ropits.net\/castellcir\/wp-content\/uploads\/2016\/04\/20160326_111346.jpg?fit=474%2C285&#038;ssl=1\" src=\"https:\/\/i0.wp.com\/ropits.net\/castellcir\/wp-content\/uploads\/2016\/04\/20160326_111346.jpg?w=127&#038;h=76&#038;ssl=1\" srcset=\"https:\/\/i0.wp.com\/ropits.net\/castellcir\/wp-content\/uploads\/2016\/04\/20160326_111346.jpg?w=2048&amp;ssl=1 2048w, https:\/\/i0.wp.com\/ropits.net\/castellcir\/wp-content\/uploads\/2016\/04\/20160326_111346.jpg?resize=300%2C180&amp;ssl=1 300w, https:\/\/i0.wp.com\/ropits.net\/castellcir\/wp-content\/uploads\/2016\/04\/20160326_111346.jpg?resize=768%2C462&amp;ssl=1 768w, https:\/\/i0.wp.com\/ropits.net\/castellcir\/wp-content\/uploads\/2016\/04\/20160326_111346.jpg?resize=1024%2C616&amp;ssl=1 1024w, https:\/\/i0.wp.com\/ropits.net\/castellcir\/wp-content\/uploads\/2016\/04\/20160326_111346.jpg?w=948 948w, https:\/\/i0.wp.com\/ropits.net\/castellcir\/wp-content\/uploads\/2016\/04\/20160326_111346.jpg?w=1422 1422w\" width=\"127\" height=\"76\" loading=\"lazy\" data-original-width=\"127\" data-original-height=\"76\" itemprop=\"http:\/\/schema.org\/image\" title=\"20160326_111346\" alt=\"20160326_111346\" style=\"width: 127px; height: 76px;\" \/> <\/a> <\/div> <\/div> <!-- close group --> <\/div> <!-- close row --> <\/div>\n","protected":false},"excerpt":{"rendered":"<p>Dist\u00e2ncia: 10.3 km Desnivell positiu acumulat: 230 m Dificultat a peu: F\u00e0cil Dificultat btt: f\u00e0cil, 99% ciclable Moli de Brotons Ermita de la Tosca Gorg Estret &nbsp;<\/p>\n","protected":false},"author":1,"featured_media":91,"parent":0,"menu_order":0,"comment_status":"closed","ping_status":"closed","template":"","meta":{"jetpack_post_was_ever_published":false,"footnotes":""},"class_list":["post-7","page","type-page","status-publish","has-post-thumbnail","hentry"],"jetpack_sharing_enabled":true,"jetpack_shortlink":"https:\/\/wp.me\/P7pcWi-7","jetpack-related-posts":[],"_links":{"self":[{"href":"https:\/\/ropits.net\/castellcir\/wp-json\/wp\/v2\/pages\/7","targetHints":{"allow":["GET"]}}],"collection":[{"href":"https:\/\/ropits.net\/castellcir\/wp-json\/wp\/v2\/pages"}],"about":[{"href":"https:\/\/ropits.net\/castellcir\/wp-json\/wp\/v2\/types\/page"}],"author":[{"embeddable":true,"href":"https:\/\/ropits.net\/castellcir\/wp-json\/wp\/v2\/users\/1"}],"replies":[{"embeddable":true,"href":"https:\/\/ropits.net\/castellcir\/wp-json\/wp\/v2\/comments?post=7"}],"version-history":[{"count":7,"href":"https:\/\/ropits.net\/castellcir\/wp-json\/wp\/v2\/pages\/7\/revisions"}],"predecessor-version":[{"id":190,"href":"https:\/\/ropits.net\/castellcir\/wp-json\/wp\/v2\/pages\/7\/revisions\/190"}],"wp:featuredmedia":[{"embeddable":true,"href":"https:\/\/ropits.net\/castellcir\/wp-json\/wp\/v2\/media\/91"}],"wp:attachment":[{"href":"https:\/\/ropits.net\/castellcir\/wp-json\/wp\/v2\/media?parent=7"}],"curies":[{"name":"wp","href":"https:\/\/api.w.org\/{rel}","templated":true}]}}