{"id":71,"date":"2016-04-01T23:19:03","date_gmt":"2016-04-01T21:19:03","guid":{"rendered":"http:\/\/ropits.net\/castellcir\/?page_id=71"},"modified":"2016-04-03T16:08:20","modified_gmt":"2016-04-03T14:08:20","slug":"esplugues","status":"publish","type":"page","link":"https:\/\/ropits.net\/castellcir\/esplugues\/","title":{"rendered":"Esplugues i Pont Rom\u00e0nic"},"content":{"rendered":"<p><strong>Dist\u00e0ncia:<\/strong> 10.4 km<br \/>\n<strong>Desnivell acumulat:<\/strong> 171 m D+<br \/>\n<strong>Dificultat a peu:<\/strong> F\u00e0cil<br \/>\n<strong>Dificultat btt:<\/strong> f\u00e0cil, 100% ciclable<br \/>\n<strong>Variant A:<\/strong> 4.0 km, 140 m D+ en total<\/p>\n<p><img data-recalc-dims=\"1\" loading=\"lazy\" decoding=\"async\" data-attachment-id=\"139\" data-permalink=\"https:\/\/ropits.net\/castellcir\/esplugues\/perfil_spluga\/\" data-orig-file=\"https:\/\/i0.wp.com\/ropits.net\/castellcir\/wp-content\/uploads\/2016\/04\/perfil_spluga.jpg?fit=460%2C105&amp;ssl=1\" data-orig-size=\"460,105\" data-comments-opened=\"1\" data-image-meta=\"{&quot;aperture&quot;:&quot;0&quot;,&quot;credit&quot;:&quot;&quot;,&quot;camera&quot;:&quot;&quot;,&quot;caption&quot;:&quot;&quot;,&quot;created_timestamp&quot;:&quot;0&quot;,&quot;copyright&quot;:&quot;&quot;,&quot;focal_length&quot;:&quot;0&quot;,&quot;iso&quot;:&quot;0&quot;,&quot;shutter_speed&quot;:&quot;0&quot;,&quot;title&quot;:&quot;&quot;,&quot;orientation&quot;:&quot;1&quot;}\" data-image-title=\"perfil_spluga\" data-image-description=\"\" data-image-caption=\"\" data-medium-file=\"https:\/\/i0.wp.com\/ropits.net\/castellcir\/wp-content\/uploads\/2016\/04\/perfil_spluga.jpg?fit=300%2C68&amp;ssl=1\" data-large-file=\"https:\/\/i0.wp.com\/ropits.net\/castellcir\/wp-content\/uploads\/2016\/04\/perfil_spluga.jpg?fit=460%2C105&amp;ssl=1\" class=\"alignnone size-full wp-image-139\" src=\"https:\/\/i0.wp.com\/ropits.net\/castellcir\/wp-content\/uploads\/2016\/04\/perfil_spluga.jpg?resize=460%2C105\" alt=\"perfil_spluga\" width=\"460\" height=\"105\" srcset=\"https:\/\/i0.wp.com\/ropits.net\/castellcir\/wp-content\/uploads\/2016\/04\/perfil_spluga.jpg?w=460&amp;ssl=1 460w, https:\/\/i0.wp.com\/ropits.net\/castellcir\/wp-content\/uploads\/2016\/04\/perfil_spluga.jpg?resize=300%2C68&amp;ssl=1 300w\" sizes=\"auto, (max-width: 460px) 100vw, 460px\" \/><\/p>\n<hr \/>\n<h2>Descripci\u00f3:<\/h2>\n<p>Recorregut senzill de f\u00e0cil orientaci\u00f3 que permet veure les curioses cases d&#8217;Esplugues enquestades a la roca, el seu pont rom\u00e0nic del segle XI i la seva petita vall amb alguns molins d&#8217;aigua. Arribarem a Castellter\u00e7ol, travessarem el poble i tornarem per la via per bicis i caminadors que uneix aquest poble amb Castellcir.<\/p>\n<hr \/>\n<h2>Recorregut:<\/h2>\n<p>Sortim des de la Pla\u00e7a de l&#8217;Ajuntament de Castellcir al Carrer Major on anirem a agafar l&#8217;Avinguda de Santa Coloma (podem anar a l&#8217;Est fins la pla\u00e7a Abat Escarr\u00e9 o al Nord passant pel costat de la petita esgl\u00e9sia).<\/p>\n<p>Als 600 m, a una petita rotonda girarem lleugerament a l&#8217;esquerra per agafar l&#8217;Avinguda del Moian\u00e8s que ens portar\u00e0 a un gran parc infantil i a la carretera de Santa Coloma (B-1310) que agafarem pel carril bici cap a l&#8217;esquerra uns 100 m fins arribar a uns pals indicadors que senyalen la pista d&#8217;Esplugues que hem de seguir.<\/p>\n<p>Seguim sempre la pista principal, on trobarem algunes senyals vermelles i blanques de GR i quan portem 2.8 km des de la sortida ens trobarem les cases d&#8217;Esplugues i el seu pont de pedra que creua el rierol (Riera de Fontscalents).<\/p>\n<div class=\"tiled-gallery type-rectangular tiled-gallery-unresized\" data-original-width=\"474\" data-carousel-extra='{&quot;blog_id&quot;:1,&quot;permalink&quot;:&quot;https:\\\/\\\/ropits.net\\\/castellcir\\\/esplugues\\\/&quot;,&quot;likes_blog_id&quot;:109442294}' itemscope itemtype=\"http:\/\/schema.org\/ImageGallery\" > <div class=\"gallery-row\" style=\"width: 474px; height: 357px;\" data-original-width=\"474\" data-original-height=\"357\" > <div class=\"gallery-group images-1\" style=\"width: 474px; height: 357px;\" data-original-width=\"474\" data-original-height=\"357\" > <div class=\"tiled-gallery-item tiled-gallery-item-large\" itemprop=\"associatedMedia\" itemscope itemtype=\"http:\/\/schema.org\/ImageObject\"> <a href=\"https:\/\/ropits.net\/castellcir\/esplugues\/img_9517\/\" border=\"0\" itemprop=\"url\"> <meta itemprop=\"width\" content=\"470\"> <meta itemprop=\"height\" content=\"353\"> <img decoding=\"async\" class=\"\" data-attachment-id=\"163\" data-orig-file=\"https:\/\/ropits.net\/castellcir\/wp-content\/uploads\/2016\/04\/IMG_9517.jpg\" data-orig-size=\"2048,1536\" data-comments-opened=\"1\" data-image-meta=\"{&quot;aperture&quot;:&quot;2.4&quot;,&quot;credit&quot;:&quot;&quot;,&quot;camera&quot;:&quot;iPhone 5&quot;,&quot;caption&quot;:&quot;&quot;,&quot;created_timestamp&quot;:&quot;1458837584&quot;,&quot;copyright&quot;:&quot;&quot;,&quot;focal_length&quot;:&quot;4.12&quot;,&quot;iso&quot;:&quot;50&quot;,&quot;shutter_speed&quot;:&quot;0.00162337662338&quot;,&quot;title&quot;:&quot;&quot;,&quot;orientation&quot;:&quot;0&quot;}\" data-image-title=\"Pont d&amp;#8217;Esplugues\" data-image-description=\"\" data-medium-file=\"https:\/\/i0.wp.com\/ropits.net\/castellcir\/wp-content\/uploads\/2016\/04\/IMG_9517.jpg?fit=300%2C225&#038;ssl=1\" data-large-file=\"https:\/\/i0.wp.com\/ropits.net\/castellcir\/wp-content\/uploads\/2016\/04\/IMG_9517.jpg?fit=474%2C356&#038;ssl=1\" src=\"https:\/\/i0.wp.com\/ropits.net\/castellcir\/wp-content\/uploads\/2016\/04\/IMG_9517.jpg?w=470&#038;h=353&#038;ssl=1\" srcset=\"https:\/\/i0.wp.com\/ropits.net\/castellcir\/wp-content\/uploads\/2016\/04\/IMG_9517.jpg?w=2048&amp;ssl=1 2048w, https:\/\/i0.wp.com\/ropits.net\/castellcir\/wp-content\/uploads\/2016\/04\/IMG_9517.jpg?resize=300%2C225&amp;ssl=1 300w, https:\/\/i0.wp.com\/ropits.net\/castellcir\/wp-content\/uploads\/2016\/04\/IMG_9517.jpg?resize=768%2C576&amp;ssl=1 768w, https:\/\/i0.wp.com\/ropits.net\/castellcir\/wp-content\/uploads\/2016\/04\/IMG_9517.jpg?resize=1024%2C768&amp;ssl=1 1024w, https:\/\/i0.wp.com\/ropits.net\/castellcir\/wp-content\/uploads\/2016\/04\/IMG_9517.jpg?w=948 948w, https:\/\/i0.wp.com\/ropits.net\/castellcir\/wp-content\/uploads\/2016\/04\/IMG_9517.jpg?w=1422 1422w\" width=\"470\" height=\"353\" loading=\"lazy\" data-original-width=\"470\" data-original-height=\"353\" itemprop=\"http:\/\/schema.org\/image\" title=\"Pont d&#039;Esplugues\" alt=\"Pont Romanic d&#039;Esplugues s XI\" style=\"width: 470px; height: 353px;\" \/> <\/a> <div class=\"tiled-gallery-caption\" itemprop=\"caption description\"> Pont Romanic d&#8217;Esplugues s XI <\/div> <\/div> <\/div> <!-- close group --> <\/div> <!-- close row --> <\/div>\n<p>Seguim per la pista ampla que passa per davant la casa, passarem a prop del Mol\u00ed Vell i del Mol\u00ed nou. Al acostar-mos a unes cases a l&#8217;esquerra travessarem el rierol per un pont (a 4.0 km de la sortida) i poc despr\u00e8s ja arribarem al Pol\u00edgon el Vapor de Castellter\u00e7ol.<\/p>\n<p>Travessarem amb compte la carretera C-59 i entrarem a Castellter\u00e7ol pel carrer Moi\u00e0 un llarg carrer que va guanyant al\u00e7ada. Com a refer\u00e8ncia anirem cap a l&#8217;Esgl\u00e8sia. Quan el carrer canvia de nom a carrer de l&#8217;Hospital girarem a l&#8217;esquerra per l&#8217;estret Call de les Bruixes i despr\u00e8s pels carrers de Josep Gall\u00e9s i de Barcelona fins arribar de nou a la C-59. Aqu\u00ed podem seguir recte pel carrer Cebri\u00e0 Calvet o anar una mica a la dreta fins al CAP on agafarem la carretera que va a Castellcir. Quan s&#8217;acaben les cases del poble agafarem el cam\u00ed per bicis i caminadors que ens portar\u00e0 a Castellcir en uns dos kil\u00f2metres i mig.<\/p>\n<hr \/>\n<h2>Variant A:<\/h2>\n<p>Si anem amb nens molt petits o per algun motiu volem escur\u00e7ar la ruta. Podem iniciar el recorregut al costat del parc infantil a prop de la carretera B-1310 i d&#8217;aqu\u00ed a Esplugues hi ha sols 2 km. Podem fer la tornada pel mateix cam\u00ed on, aix\u00f2 s\u00ed, tindrem una mica de pujada. En total 4 km.<\/p>\n<hr \/>\n<h2>Informaci\u00f3 \u00fatil:<\/h2>\n<p><strong>Punt d&#8217;inici i final:<\/strong> Pla\u00e7a Major de Castellcir<br \/>\n<strong>Punts d&#8217;aigua:<\/strong> Varies font p\u00fabliques a l&#8217;interior de Castellter\u00e7ol (ens ve de pas una font a la conflu\u00e8ncia del carrer de Josep Gall\u00e8s amb el carrer del Mig). Tamb\u00e9 passem per v\u00e0ries fonts naturals per\u00f2 fora del cam\u00ed, no sempre porten aigua i la potabilitat no est\u00e0 assegurada, millor no confiar-hi.<br \/>\n<strong>Tracks:<\/strong> <a href=\"\/castellcir\/data\/esplugues.gpx\" target=\"_blank\">format GPX<\/a> &#8211; <a href=\"\/castellcir\/data\/esplugues.klm\" target=\"_blank\">format KLM<\/a> &#8211; <a href=\"http:\/\/www.wikiloc.com\/wikiloc\/view.do?id=12794017\" target=\"_blank\">ruta a wikiloc<\/a><br \/>\n<strong>PDF:<\/strong> <a href=\"\/castellcir\/data\/esplugues.pdf\" target=\"_blank\">Descarrega PDF per a m\u00f2bil<\/a><br \/>\n<strong>Mapa:<\/strong> <a href=\"\/castellcir\/data\/mapa_esplugues.jpg\" target=\"_blank\">Obrir mapa<\/a><br \/>\n<a href=\"\/castellcir\/data\/mapa_esplugues.jpg\" target=\"_blank\"><img data-recalc-dims=\"1\" loading=\"lazy\" decoding=\"async\" data-attachment-id=\"162\" data-permalink=\"https:\/\/ropits.net\/castellcir\/esplugues\/mapa_esplugues\/\" data-orig-file=\"https:\/\/i0.wp.com\/ropits.net\/castellcir\/wp-content\/uploads\/2016\/04\/mapa_esplugues.jpg?fit=1085%2C884&amp;ssl=1\" data-orig-size=\"1085,884\" data-comments-opened=\"1\" data-image-meta=\"{&quot;aperture&quot;:&quot;0&quot;,&quot;credit&quot;:&quot;&quot;,&quot;camera&quot;:&quot;&quot;,&quot;caption&quot;:&quot;&quot;,&quot;created_timestamp&quot;:&quot;0&quot;,&quot;copyright&quot;:&quot;&quot;,&quot;focal_length&quot;:&quot;0&quot;,&quot;iso&quot;:&quot;0&quot;,&quot;shutter_speed&quot;:&quot;0&quot;,&quot;title&quot;:&quot;&quot;,&quot;orientation&quot;:&quot;1&quot;}\" data-image-title=\"mapa_esplugues\" data-image-description=\"\" data-image-caption=\"\" data-medium-file=\"https:\/\/i0.wp.com\/ropits.net\/castellcir\/wp-content\/uploads\/2016\/04\/mapa_esplugues.jpg?fit=300%2C244&amp;ssl=1\" data-large-file=\"https:\/\/i0.wp.com\/ropits.net\/castellcir\/wp-content\/uploads\/2016\/04\/mapa_esplugues.jpg?fit=474%2C386&amp;ssl=1\" class=\"alignnone size-large wp-image-162\" src=\"https:\/\/i0.wp.com\/ropits.net\/castellcir\/wp-content\/uploads\/2016\/04\/mapa_esplugues.jpg?resize=474%2C386\" alt=\"mapa_esplugues\" width=\"474\" height=\"386\" srcset=\"https:\/\/i0.wp.com\/ropits.net\/castellcir\/wp-content\/uploads\/2016\/04\/mapa_esplugues.jpg?resize=1024%2C834&amp;ssl=1 1024w, https:\/\/i0.wp.com\/ropits.net\/castellcir\/wp-content\/uploads\/2016\/04\/mapa_esplugues.jpg?resize=300%2C244&amp;ssl=1 300w, https:\/\/i0.wp.com\/ropits.net\/castellcir\/wp-content\/uploads\/2016\/04\/mapa_esplugues.jpg?resize=768%2C626&amp;ssl=1 768w, https:\/\/i0.wp.com\/ropits.net\/castellcir\/wp-content\/uploads\/2016\/04\/mapa_esplugues.jpg?w=1085&amp;ssl=1 1085w, https:\/\/i0.wp.com\/ropits.net\/castellcir\/wp-content\/uploads\/2016\/04\/mapa_esplugues.jpg?w=948 948w\" sizes=\"auto, (max-width: 474px) 100vw, 474px\" \/><\/a><\/p>\n<p>&nbsp;<\/p>\n","protected":false},"excerpt":{"rendered":"<p>Dist\u00e0ncia: 10.4 km Desnivell acumulat: 171 m D+ Dificultat a peu: F\u00e0cil Dificultat btt: f\u00e0cil, 100% ciclable Variant A: 4.0 km, 140 m D+ en total Descripci\u00f3: Recorregut senzill de f\u00e0cil orientaci\u00f3 que permet veure les curioses cases d&#8217;Esplugues enquestades a la roca, el seu pont rom\u00e0nic del segle XI i la seva petita vall &hellip; <a href=\"https:\/\/ropits.net\/castellcir\/esplugues\/\" class=\"more-link\">Continue reading <span class=\"screen-reader-text\">Esplugues i Pont Rom\u00e0nic<\/span> <span class=\"meta-nav\">&rarr;<\/span><\/a><\/p>\n","protected":false},"author":1,"featured_media":75,"parent":0,"menu_order":0,"comment_status":"closed","ping_status":"closed","template":"","meta":{"jetpack_post_was_ever_published":false,"footnotes":""},"class_list":["post-71","page","type-page","status-publish","has-post-thumbnail","hentry"],"jetpack_sharing_enabled":true,"jetpack_shortlink":"https:\/\/wp.me\/P7pcWi-19","jetpack-related-posts":[],"_links":{"self":[{"href":"https:\/\/ropits.net\/castellcir\/wp-json\/wp\/v2\/pages\/71","targetHints":{"allow":["GET"]}}],"collection":[{"href":"https:\/\/ropits.net\/castellcir\/wp-json\/wp\/v2\/pages"}],"about":[{"href":"https:\/\/ropits.net\/castellcir\/wp-json\/wp\/v2\/types\/page"}],"author":[{"embeddable":true,"href":"https:\/\/ropits.net\/castellcir\/wp-json\/wp\/v2\/users\/1"}],"replies":[{"embeddable":true,"href":"https:\/\/ropits.net\/castellcir\/wp-json\/wp\/v2\/comments?post=71"}],"version-history":[{"count":35,"href":"https:\/\/ropits.net\/castellcir\/wp-json\/wp\/v2\/pages\/71\/revisions"}],"predecessor-version":[{"id":194,"href":"https:\/\/ropits.net\/castellcir\/wp-json\/wp\/v2\/pages\/71\/revisions\/194"}],"wp:featuredmedia":[{"embeddable":true,"href":"https:\/\/ropits.net\/castellcir\/wp-json\/wp\/v2\/media\/75"}],"wp:attachment":[{"href":"https:\/\/ropits.net\/castellcir\/wp-json\/wp\/v2\/media?parent=71"}],"curies":[{"name":"wp","href":"https:\/\/api.w.org\/{rel}","templated":true}]}}